{"id":307,"date":"2024-04-04T15:40:07","date_gmt":"2024-04-04T15:40:07","guid":{"rendered":"https:\/\/izyolink.com\/?page_id=307"},"modified":"2025-10-08T17:27:04","modified_gmt":"2025-10-08T17:27:04","slug":"leadership-team","status":"publish","type":"page","link":"https:\/\/fizyolink.com\/tr\/leadership-team\/","title":{"rendered":"Liderlik Ekibi"},"content":{"rendered":"<div data-elementor-type=\"wp-page\" data-elementor-id=\"307\" class=\"elementor elementor-307\">\n\t\t\t\t\t\t<div class=\"elementor-section elementor-top-section elementor-element elementor-element-df1ecf6 elementor-section-full_width doctor-area pt-100 pb-100 elementor-section-height-default elementor-section-height-default\" data-id=\"df1ecf6\" data-element_type=\"section\" data-e-type=\"section\">\n\t\t\t\t\t\t<div class=\"elementor-container elementor-column-gap-no\">\n\t\t\t\t\t<div class=\"elementor-column elementor-col-100 elementor-top-column elementor-element elementor-element-61d0ebe\" data-id=\"61d0ebe\" data-element_type=\"column\" data-e-type=\"column\">\n\t\t\t<div class=\"elementor-widget-wrap elementor-element-populated\">\n\t\t\t\t\t\t<div class=\"elementor-element elementor-element-55e7f4d elementor-widget elementor-widget-Hospa_Section_Title\" data-id=\"55e7f4d\" data-element_type=\"widget\" data-e-type=\"widget\" data-widget_type=\"Hospa_Section_Title.default\">\n\t\t\t\t<div class=\"elementor-widget-container\">\n\t\t\t\t\t\r\n        <div class=\"section-title text-center\">\r\n                            <span class=\"sub\">\r\n                    L\u0130DERL\u0130K EK\u0130B\u0130M\u0130Z                <\/span>\r\n            \r\n                            <h2>Bizim <b><b>Liderlik<\/b><\/b> Ekibimiz<\/h2>\r\n            \r\n            <p><\/p>\r\n        <\/div>\r\n        \t\t\t\t<\/div>\n\t\t\t\t<\/div>\n\t\t\t\t<div class=\"elementor-element elementor-element-22fa46e elementor-widget elementor-widget-HospaDoctorsPostQuery\" data-id=\"22fa46e\" data-element_type=\"widget\" data-e-type=\"widget\" data-widget_type=\"HospaDoctorsPostQuery.default\">\n\t\t\t\t<div class=\"elementor-widget-container\">\n\t\t\t\t\t        <div class=\"container\">\n            <div class=\"row justify-content-center\">\n                                    <div class=\"col-xl-4 col-md-6\">\n                        <div class=\"doctor-card\">\n                            <div class=\"doctor-image\">\n                                                                    <a href=\"https:\/\/fizyolink.com\/tr\/doctors-post\/ibrahim-karakaya\/\">\n                                        <img decoding=\"async\" src=\"https:\/\/fizyolink.com\/wp-content\/uploads\/2026\/01\/WhatsApp-Image-2025-08-28-at-9.58.12-PM.jpeg\" alt=\"\u0130brahim Karakaya\">\n                                    <\/a>\n                                \n                                                                                                                                <\/div>\n\n                            <div class=\"doctor-content\">\n                                <h3>\n                                    <a href=\"https:\/\/fizyolink.com\/tr\/doctors-post\/ibrahim-karakaya\/\">\u0130brahim Karakaya<\/a>\n                                <\/h3>\n                                <span>Fizyoterapist<\/span>\n                            <\/div>\n                        <\/div>\n                    <\/div>\n                                    <div class=\"col-xl-4 col-md-6\">\n                        <div class=\"doctor-card\">\n                            <div class=\"doctor-image\">\n                                                                    <a href=\"https:\/\/fizyolink.com\/tr\/doctors-post\/buse-keskin\/\">\n                                        <img decoding=\"async\" src=\"https:\/\/fizyolink.com\/wp-content\/uploads\/2025\/01\/team4.png\" alt=\"Buse Keskin\">\n                                    <\/a>\n                                \n                                                                                                                                <\/div>\n\n                            <div class=\"doctor-content\">\n                                <h3>\n                                    <a href=\"https:\/\/fizyolink.com\/tr\/doctors-post\/buse-keskin\/\">Buse Keskin<\/a>\n                                <\/h3>\n                                <span>Fizyoterapist<\/span>\n                            <\/div>\n                        <\/div>\n                    <\/div>\n                                    <div class=\"col-xl-4 col-md-6\">\n                        <div class=\"doctor-card\">\n                            <div class=\"doctor-image\">\n                                                                    <a href=\"https:\/\/fizyolink.com\/tr\/doctors-post\/pt-ahmet-taze\/\">\n                                        <img decoding=\"async\" src=\"https:\/\/fizyolink.com\/wp-content\/uploads\/2025\/11\/WhatsApp-Image-2025-08-30-at-11.14.09-PM.jpeg\" alt=\"PT. Ahmet Taze\">\n                                    <\/a>\n                                \n                                                                                                                                <\/div>\n\n                            <div class=\"doctor-content\">\n                                <h3>\n                                    <a href=\"https:\/\/fizyolink.com\/tr\/doctors-post\/pt-ahmet-taze\/\">FZT. Ahmet Taze<\/a>\n                                <\/h3>\n                                <span>Fizyoterapist<\/span>\n                            <\/div>\n                        <\/div>\n                    <\/div>\n                                    <div class=\"col-xl-4 col-md-6\">\n                        <div class=\"doctor-card\">\n                            <div class=\"doctor-image\">\n                                                                    <a href=\"https:\/\/fizyolink.com\/tr\/doctors-post\/pt-gizem-goksu\/\">\n                                        <img decoding=\"async\" src=\"https:\/\/fizyolink.com\/wp-content\/uploads\/2025\/10\/WhatsApp-Image-2025-09-12-at-11.25.05-AM.jpeg\" alt=\"PT. Gizem G\u00f6ksu\">\n                                    <\/a>\n                                \n                                                                                                                                <\/div>\n\n                            <div class=\"doctor-content\">\n                                <h3>\n                                    <a href=\"https:\/\/fizyolink.com\/tr\/doctors-post\/pt-gizem-goksu\/\">PT. Gizem G\u00f6ksu<\/a>\n                                <\/h3>\n                                <span>Fizyoterapist<\/span>\n                            <\/div>\n                        <\/div>\n                    <\/div>\n                                    <div class=\"col-xl-4 col-md-6\">\n                        <div class=\"doctor-card\">\n                            <div class=\"doctor-image\">\n                                                                    <a href=\"https:\/\/fizyolink.com\/tr\/doctors-post\/pt-gehad-elgamal\/\">\n                                        <img decoding=\"async\" src=\"https:\/\/fizyolink.com\/wp-content\/uploads\/2025\/10\/WhatsApp-Image-2025-08-29-at-5.09.38-PM.jpeg\" alt=\"PT. Gehad  Elgamal\">\n                                    <\/a>\n                                \n                                                                                                                                <\/div>\n\n                            <div class=\"doctor-content\">\n                                <h3>\n                                    <a href=\"https:\/\/fizyolink.com\/tr\/doctors-post\/pt-gehad-elgamal\/\">PT. Gehad  Elgamal<\/a>\n                                <\/h3>\n                                <span>Fizyoterapist<\/span>\n                            <\/div>\n                        <\/div>\n                    <\/div>\n                \n                            <\/div>\n        <\/div>\n\n                \t\t\t\t<\/div>\n\t\t\t\t<\/div>\n\t\t\t\t\t<\/div>\n\t\t<\/div>\n\t\t\t\t\t<\/div>\n\t\t<\/div>\n\t\t\t\t<\/div>","protected":false},"excerpt":{"rendered":"<p>OUR LEADERSHIP TEAM Meet Our Leadership Team \u0130brahim Karakaya Physiotherapist Buse Keskin Physiotherapist PT. Ahmet Taze Physiotherapist PT. Gizem G\u00f6ksu Physiotherapist PT. Gehad Elgamal Physiotherapist<\/p>","protected":false},"author":1,"featured_media":0,"parent":0,"menu_order":0,"comment_status":"closed","ping_status":"closed","template":"","meta":{"_acf_changed":false,"om_disable_all_campaigns":false,"_monsterinsights_skip_tracking":false,"_monsterinsights_sitenote_active":false,"_monsterinsights_sitenote_note":"","_monsterinsights_sitenote_category":0,"_themeisle_gutenberg_block_has_review":false,"footnotes":""},"class_list":["post-307","page","type-page","status-publish","hentry"],"acf":[],"aioseo_notices":[],"_hostinger_reach_plugin_has_subscription_block":false,"_hostinger_reach_plugin_is_elementor":false,"_links":{"self":[{"href":"https:\/\/fizyolink.com\/tr\/wp-json\/wp\/v2\/pages\/307","targetHints":{"allow":["GET"]}}],"collection":[{"href":"https:\/\/fizyolink.com\/tr\/wp-json\/wp\/v2\/pages"}],"about":[{"href":"https:\/\/fizyolink.com\/tr\/wp-json\/wp\/v2\/types\/page"}],"author":[{"embeddable":true,"href":"https:\/\/fizyolink.com\/tr\/wp-json\/wp\/v2\/users\/1"}],"replies":[{"embeddable":true,"href":"https:\/\/fizyolink.com\/tr\/wp-json\/wp\/v2\/comments?post=307"}],"version-history":[{"count":54,"href":"https:\/\/fizyolink.com\/tr\/wp-json\/wp\/v2\/pages\/307\/revisions"}],"predecessor-version":[{"id":6335,"href":"https:\/\/fizyolink.com\/tr\/wp-json\/wp\/v2\/pages\/307\/revisions\/6335"}],"wp:attachment":[{"href":"https:\/\/fizyolink.com\/tr\/wp-json\/wp\/v2\/media?parent=307"}],"curies":[{"name":"wp","href":"https:\/\/api.w.org\/{rel}","templated":true}]}}