{"id":387,"date":"2024-04-07T08:03:51","date_gmt":"2024-04-07T08:03:51","guid":{"rendered":"https:\/\/izyolink.com\/?page_id=387"},"modified":"2025-12-27T10:58:56","modified_gmt":"2025-12-27T10:58:56","slug":"faqs","status":"publish","type":"page","link":"https:\/\/fizyolink.com\/tr\/faqs\/","title":{"rendered":"FAQ&#8217;s"},"content":{"rendered":"<div data-elementor-type=\"wp-page\" data-elementor-id=\"387\" class=\"elementor elementor-387\">\n\t\t\t\t\t\t<div class=\"elementor-section elementor-top-section elementor-element elementor-element-8ecc540 elementor-section-full_width ptb-100 elementor-section-height-default elementor-section-height-default\" data-id=\"8ecc540\" data-element_type=\"section\" data-e-type=\"section\">\n\t\t\t\t\t\t<div class=\"elementor-container elementor-column-gap-no\">\n\t\t\t\t\t<div class=\"elementor-column elementor-col-100 elementor-top-column elementor-element elementor-element-aabc232\" data-id=\"aabc232\" data-element_type=\"column\" data-e-type=\"column\">\n\t\t\t<div class=\"elementor-widget-wrap elementor-element-populated\">\n\t\t\t\t\t\t<div class=\"elementor-element elementor-element-7466556 elementor-widget elementor-widget-Hospa_FaqTwo\" data-id=\"7466556\" data-element_type=\"widget\" data-e-type=\"widget\" data-widget_type=\"Hospa_FaqTwo.default\">\n\t\t\t\t<div class=\"elementor-widget-container\">\n\t\t\t\t\t\r\n        <div class=\"faq-area\">\r\n            <div class=\"container\">\r\n                <div class=\"row justify-content-center\">\r\n\r\n                                    <div class=\"col-lg-6 col-md-12\">\r\n                                        <div class=\"faq-accordion-wrap\">\r\n                            <div class=\"accordion\" id=\"FaqAccordionId\">\r\n                                                                <div class=\"accordion-item\">\r\n                                    <button class=\"accordion-button\" type=\"button\" data-bs-toggle=\"collapse\" data-bs-target=\"#collapsefaq21\" aria-expanded=\"false\">\r\n                                        What services does Meca Medical Clinic offer?                                    <\/button>\r\n                                    <div id=\"collapsefaq21\" class=\"accordion-collapse collapse show\" data-bs-parent=\"#FaqAccordionId\">\r\n                                        <div class=\"accordion-body\">\r\n                                            <p> Lorem ipsum dolor sit amet consectetur. Quam porta pretium elementum vel dapibus sed sed et. Fermentum adipiscing pellentesque eu sed cursus. Tortor massa interdum mauris proin egestas ac egestas dolor.<\/p>\r\n                                        <\/div>\r\n                                    <\/div>\r\n                                <\/div>\r\n                                                                <div class=\"accordion-item\">\r\n                                    <button class=\"accordion-button collapsed\" type=\"button\" data-bs-toggle=\"collapse\" data-bs-target=\"#collapsefaq22\" aria-expanded=\"false\">\r\n                                        How can I schedule an appointment at Hospa Medical Clinic?                                    <\/button>\r\n                                    <div id=\"collapsefaq22\" class=\"accordion-collapse collapse\" data-bs-parent=\"#FaqAccordionId\">\r\n                                        <div class=\"accordion-body\">\r\n                                            <p> Lorem ipsum dolor sit amet consectetur. Quam porta pretium elementum vel dapibus sed sed et. Fermentum adipiscing pellentesque eu sed cursus. Tortor massa interdum mauris proin egestas ac egestas dolor.<\/p>\r\n                                        <\/div>\r\n                                    <\/div>\r\n                                <\/div>\r\n                                                                <div class=\"accordion-item\">\r\n                                    <button class=\"accordion-button collapsed\" type=\"button\" data-bs-toggle=\"collapse\" data-bs-target=\"#collapsefaq23\" aria-expanded=\"false\">\r\n                                        Are walk-ins accepted, or is an appointment required?                                    <\/button>\r\n                                    <div id=\"collapsefaq23\" class=\"accordion-collapse collapse\" data-bs-parent=\"#FaqAccordionId\">\r\n                                        <div class=\"accordion-body\">\r\n                                            <p> Lorem ipsum dolor sit amet consectetur. Quam porta pretium elementum vel dapibus sed sed et. Fermentum adipiscing pellentesque eu sed cursus. Tortor massa interdum mauris proin egestas ac egestas dolor.<\/p>\r\n                                        <\/div>\r\n                                    <\/div>\r\n                                <\/div>\r\n                                                                <div class=\"accordion-item\">\r\n                                    <button class=\"accordion-button collapsed\" type=\"button\" data-bs-toggle=\"collapse\" data-bs-target=\"#collapsefaq24\" aria-expanded=\"false\">\r\n                                        What types of insurance does Hospa Medical Clinic accept?                                    <\/button>\r\n                                    <div id=\"collapsefaq24\" class=\"accordion-collapse collapse\" data-bs-parent=\"#FaqAccordionId\">\r\n                                        <div class=\"accordion-body\">\r\n                                            <p> Lorem ipsum dolor sit amet consectetur. Quam porta pretium elementum vel dapibus sed sed et. Fermentum adipiscing pellentesque eu sed cursus. Tortor massa interdum mauris proin egestas ac egestas dolor.<\/p>\r\n                                        <\/div>\r\n                                    <\/div>\r\n                                <\/div>\r\n                                                                <div class=\"accordion-item\">\r\n                                    <button class=\"accordion-button collapsed\" type=\"button\" data-bs-toggle=\"collapse\" data-bs-target=\"#collapsefaq25\" aria-expanded=\"false\">\r\n                                        What should I do in case of a medical emergency?                                    <\/button>\r\n                                    <div id=\"collapsefaq25\" class=\"accordion-collapse collapse\" data-bs-parent=\"#FaqAccordionId\">\r\n                                        <div class=\"accordion-body\">\r\n                                            <p> Lorem ipsum dolor sit amet consectetur. Quam porta pretium elementum vel dapibus sed sed et. Fermentum adipiscing pellentesque eu sed cursus. Tortor massa interdum mauris proin egestas ac egestas dolor.<\/p>\r\n                                        <\/div>\r\n                                    <\/div>\r\n                                <\/div>\r\n                                                            <\/div>\r\n                        <\/div>\r\n                    <\/div>\r\n\r\n                                            <div class=\"col-lg-6 col-md-12\">\r\n                            <div class=\"faq-accordion-wrap with-gap\">\r\n                                <div class=\"accordion\" id=\"FaqAccordion2\">\r\n                                                                        <div class=\"accordion-item\">\r\n                                        <button class=\"accordion-button\" type=\"button\" data-bs-toggle=\"collapse\" data-bs-target=\"#collapsefaq1\" aria-expanded=\"false\">\r\n                                            How do I obtain prescription refills from Hospa Medical Clinic?                                        <\/button>\r\n                                        <div id=\"collapsefaq1\" class=\"accordion-collapse collapse\" data-bs-parent=\"#FaqAccordion2\">\r\n                                            <div class=\"accordion-body\">\r\n                                                <p> Lorem ipsum dolor sit amet consectetur. Quam porta pretium elementum vel dapibus sed sed et. Fermentum adipiscing pellentesque eu sed cursus. Tortor massa interdum mauris proin egestas ac egestas dolor.<\/p>\r\n                                            <\/div>\r\n                                        <\/div>\r\n                                    <\/div>\r\n                                                                        <div class=\"accordion-item\">\r\n                                        <button class=\"accordion-button collapsed\" type=\"button\" data-bs-toggle=\"collapse\" data-bs-target=\"#collapsefaq2\" aria-expanded=\"false\">\r\n                                            What should I bring to my first appointment?                                        <\/button>\r\n                                        <div id=\"collapsefaq2\" class=\"accordion-collapse collapse\" data-bs-parent=\"#FaqAccordion2\">\r\n                                            <div class=\"accordion-body\">\r\n                                                <p> Lorem ipsum dolor sit amet consectetur. Quam porta pretium elementum vel dapibus sed sed et. Fermentum adipiscing pellentesque eu sed cursus. Tortor massa interdum mauris proin egestas ac egestas dolor.<\/p>\r\n                                            <\/div>\r\n                                        <\/div>\r\n                                    <\/div>\r\n                                                                        <div class=\"accordion-item\">\r\n                                        <button class=\"accordion-button collapsed\" type=\"button\" data-bs-toggle=\"collapse\" data-bs-target=\"#collapsefaq3\" aria-expanded=\"false\">\r\n                                            Can I access educational resources on health and wellness?                                        <\/button>\r\n                                        <div id=\"collapsefaq3\" class=\"accordion-collapse collapse\" data-bs-parent=\"#FaqAccordion2\">\r\n                                            <div class=\"accordion-body\">\r\n                                                <p> Lorem ipsum dolor sit amet consectetur. Quam porta pretium elementum vel dapibus sed sed et. Fermentum adipiscing pellentesque eu sed cursus. Tortor massa interdum mauris proin egestas ac egestas dolor.<\/p>\r\n                                            <\/div>\r\n                                        <\/div>\r\n                                    <\/div>\r\n                                                                        <div class=\"accordion-item\">\r\n                                        <button class=\"accordion-button collapsed\" type=\"button\" data-bs-toggle=\"collapse\" data-bs-target=\"#collapsefaq4\" aria-expanded=\"false\">\r\n                                            What payment options are available for services at Hospa?                                        <\/button>\r\n                                        <div id=\"collapsefaq4\" class=\"accordion-collapse collapse\" data-bs-parent=\"#FaqAccordion2\">\r\n                                            <div class=\"accordion-body\">\r\n                                                <p> Lorem ipsum dolor sit amet consectetur. Quam porta pretium elementum vel dapibus sed sed et. Fermentum adipiscing pellentesque eu sed cursus. Tortor massa interdum mauris proin egestas ac egestas dolor.<\/p>\r\n                                            <\/div>\r\n                                        <\/div>\r\n                                    <\/div>\r\n                                                                        <div class=\"accordion-item\">\r\n                                        <button class=\"accordion-button collapsed\" type=\"button\" data-bs-toggle=\"collapse\" data-bs-target=\"#collapsefaq5\" aria-expanded=\"false\">\r\n                                            How does Hospa Medical Clinic stay up-to-date?                                        <\/button>\r\n                                        <div id=\"collapsefaq5\" class=\"accordion-collapse collapse\" data-bs-parent=\"#FaqAccordion2\">\r\n                                            <div class=\"accordion-body\">\r\n                                                <p> Lorem ipsum dolor sit amet consectetur. Quam porta pretium elementum vel dapibus sed sed et. Fermentum adipiscing pellentesque eu sed cursus. Tortor massa interdum mauris proin egestas ac egestas dolor.<\/p>\r\n                                            <\/div>\r\n                                        <\/div>\r\n                                    <\/div>\r\n                                                                        <div class=\"accordion-item\">\r\n                                        <button class=\"accordion-button collapsed\" type=\"button\" data-bs-toggle=\"collapse\" data-bs-target=\"#collapsefaq6\" aria-expanded=\"false\">\r\n                                            How does Hospa Medical Clinic patient confidentiality privacy?                                        <\/button>\r\n                                        <div id=\"collapsefaq6\" class=\"accordion-collapse collapse\" data-bs-parent=\"#FaqAccordion2\">\r\n                                            <div class=\"accordion-body\">\r\n                                                <p> Lorem ipsum dolor sit amet consectetur. Quam porta pretium elementum vel dapibus sed sed et. Fermentum adipiscing pellentesque eu sed cursus. Tortor massa interdum mauris proin egestas ac egestas dolor.<\/p>\r\n                                            <\/div>\r\n                                        <\/div>\r\n                                    <\/div>\r\n                                                                    <\/div>\r\n                            <\/div>\r\n                        <\/div>\r\n                                    <\/div>\r\n            <\/div>\r\n        <\/div>\r\n\r\n        \t\t\t\t<\/div>\n\t\t\t\t<\/div>\n\t\t\t\t\t<\/div>\n\t\t<\/div>\n\t\t\t\t\t<\/div>\n\t\t<\/div>\n\t\t\t\t<div class=\"elementor-section elementor-top-section elementor-element elementor-element-a0909f1 answers-area pb-100 elementor-section-boxed elementor-section-height-default elementor-section-height-default\" data-id=\"a0909f1\" data-element_type=\"section\" data-e-type=\"section\">\n\t\t\t\t\t\t<div class=\"elementor-container elementor-column-gap-extended\">\n\t\t\t\t\t<div class=\"elementor-column elementor-col-50 elementor-top-column elementor-element elementor-element-435b0f0\" data-id=\"435b0f0\" data-element_type=\"column\" data-e-type=\"column\">\n\t\t\t<div class=\"elementor-widget-wrap elementor-element-populated\">\n\t\t\t\t\t\t<div class=\"elementor-element elementor-element-dc7e074 elementor-widget elementor-widget-Hospa_FAQFormTwo\" data-id=\"dc7e074\" data-element_type=\"widget\" data-e-type=\"widget\" data-widget_type=\"Hospa_FAQFormTwo.default\">\n\t\t\t\t<div class=\"elementor-widget-container\">\n\t\t\t\t\t        <div class=\"answers-inner-content\">\r\n            <div class=\"content\">\r\n                <h2>Haven't Found Your Answers? <b>Ask Here<\/b><\/h2>\r\n                <p>E-posta adresiniz yay\u0131nlanmayacak. Gerekli alanlar * ile i\u015faretlenmi\u015ftir.<\/p>\r\n            <\/div>\r\n\r\n                            <div class=\"answers-form\">\r\n                    \n<div class=\"wpcf7 no-js\" id=\"wpcf7-f394-o1\" lang=\"en-US\" dir=\"ltr\" data-wpcf7-id=\"394\">\n<div class=\"screen-reader-response\"><p role=\"status\" aria-live=\"polite\" aria-atomic=\"true\"><\/p> <ul><\/ul><\/div>\n<form action=\"\/tr\/wp-json\/wp\/v2\/pages\/387#wpcf7-f394-o1\" method=\"post\" class=\"wpcf7-form init\" aria-label=\"Contact form\" novalidate=\"novalidate\" data-status=\"init\" data-trp-original-action=\"\/tr\/wp-json\/wp\/v2\/pages\/387#wpcf7-f394-o1\">\n<fieldset class=\"hidden-fields-container\"><input type=\"hidden\" name=\"_wpcf7\" value=\"394\" \/><input type=\"hidden\" name=\"_wpcf7_version\" value=\"6.1.5\" \/><input type=\"hidden\" name=\"_wpcf7_locale\" value=\"en_US\" \/><input type=\"hidden\" name=\"_wpcf7_unit_tag\" value=\"wpcf7-f394-o1\" \/><input type=\"hidden\" name=\"_wpcf7_container_post\" value=\"0\" \/><input type=\"hidden\" name=\"_wpcf7_posted_data_hash\" value=\"\" \/>\n<\/fieldset>\n<div class=\"form-group\">\n    <label>Mesaj\u0131n\u0131z*<\/label>\n    <span class=\"wpcf7-form-control-wrap\" data-name=\"your-message\"><textarea cols=\"40\" rows=\"10\" maxlength=\"2000\" class=\"wpcf7-form-control wpcf7-textarea form-control\" aria-invalid=\"false\" placeholder=\"L\u00fctfen mesaj\u0131n\u0131z\u0131 buraya yaz\u0131n\" name=\"your-message\"><\/textarea><\/span>\n<\/div>\n\n<div class=\"form-group\">\n    <label>\u0130sim*<\/label>\n    <span class=\"wpcf7-form-control-wrap\" data-name=\"your-name\"><input size=\"40\" maxlength=\"400\" class=\"wpcf7-form-control wpcf7-text form-control\" aria-invalid=\"false\" placeholder=\"L\u00fctfen ad\u0131 girin\" value=\"\" type=\"text\" name=\"your-name\" \/><\/span>\n<\/div>\n\n<div class=\"form-group\">\n    <label>E-posta*<\/label>\n    <span class=\"wpcf7-form-control-wrap\" data-name=\"your-email\"><input size=\"40\" maxlength=\"400\" class=\"wpcf7-form-control wpcf7-email wpcf7-text wpcf7-validates-as-email form-control\" aria-invalid=\"false\" placeholder=\"L\u00fctfen e-posta adresinizi girin\" value=\"\" type=\"email\" name=\"your-email\" \/><\/span>\n<\/div>\n\n<div class=\"form-group\">\n    <label>Website*<\/label>\n    <span class=\"wpcf7-form-control-wrap\" data-name=\"your-website\"><input size=\"40\" maxlength=\"400\" class=\"wpcf7-form-control wpcf7-text form-control\" aria-invalid=\"false\" placeholder=\"Please enter your website\" value=\"\" type=\"text\" name=\"your-website\" \/><\/span>\n<\/div>\n\n<div class=\"form-group\">\n    <span class=\"wpcf7-form-control-wrap\" data-name=\"gdpr\"><span class=\"wpcf7-form-control wpcf7-acceptance\"><span class=\"wpcf7-list-item\"><label><input type=\"checkbox\" name=\"gdpr\" value=\"1\" class=\"gdpr-term\" aria-invalid=\"false\" \/><span class=\"wpcf7-list-item-label\">\u015eartlar\u0131 kabul ediyorum.<\/span><\/label><\/span><\/span><\/span>\n<\/div>\n\n<button type=\"submit\" class=\"default-btn\">\n    <i class=\"ti ti-circle-arrow-right-filled\"><\/i>\n    \u015eimdi Mesaj G\u00f6nder\n<\/button><div class=\"wpcf7-response-output\" aria-hidden=\"true\"><\/div>\n<input type=\"hidden\" name=\"trp-form-language\" value=\"tr\"\/><\/form>\n<\/div>\n                <\/div>\r\n                    <\/div>\r\n        \t\t\t\t<\/div>\n\t\t\t\t<\/div>\n\t\t\t\t\t<\/div>\n\t\t<\/div>\n\t\t\t\t<div class=\"elementor-column elementor-col-50 elementor-top-column elementor-element elementor-element-1996e8a\" data-id=\"1996e8a\" data-element_type=\"column\" data-e-type=\"column\">\n\t\t\t<div class=\"elementor-widget-wrap elementor-element-populated\">\n\t\t\t\t\t\t<div class=\"elementor-element elementor-element-0467265 elementor-widget elementor-widget-Hospa_Get_DirectionCard\" data-id=\"0467265\" data-element_type=\"widget\" data-e-type=\"widget\" data-widget_type=\"Hospa_Get_DirectionCard.default\">\n\t\t\t\t<div class=\"elementor-widget-container\">\n\t\t\t\t\t        <div class=\"get-directions-wrap\">\r\n            <div class=\"title\">\r\n                <h3>Get Directions<\/h3>\r\n                <i class=\"ti ti-current-location\"><\/i>\r\n            <\/div>\r\n\r\n            <form id=\"directionForm\" class=\"find-map\" style=\"background-image: url(https:\/\/fizyolink.com\/wp-content\/uploads\/2024\/04\/map.jpg)\" action=\"\">\r\n                <div class=\"form-group\">\r\n                    <textarea class=\"form-control\"  id=\"endAddress\" placeholder=\"Please Enter Destination Address\" required><\/textarea>\r\n                <\/div>\r\n\r\n                <button type=\"submit\" class=\"default-btn\">\r\n                    <i class=\"ti ti-circle-arrow-right-filled\"><\/i>\r\n                    Get Directions                <\/button>\r\n            <input type=\"hidden\" name=\"trp-form-language\" value=\"tr\"\/><\/form>\r\n\r\n            <script>\r\n                document.getElementById(\"directionForm\").addEventListener(\"submit\", function(event) {\r\n                event.preventDefault(); \/\/ Prevent form submission\r\n\r\n                var endAddress = document.getElementById(\"endAddress\").value;\r\n\r\n                \/\/ Construct the Google Maps URL with the destination address\r\n                var googleMapsUrl = \"https:\/\/www.google.com\/maps\/dir\/?api=1&destination=\" + encodeURIComponent(endAddress);\r\n\r\n                \/\/ Open Google Maps URL in a new tab\r\n                window.open(googleMapsUrl, \"_blank\");\r\n                });\r\n            <\/script>\r\n\r\n        <\/div>\r\n        \t\t\t\t<\/div>\n\t\t\t\t<\/div>\n\t\t\t\t\t<\/div>\n\t\t<\/div>\n\t\t\t\t\t<\/div>\n\t\t<\/div>\n\t\t\t\t<\/div>","protected":false},"excerpt":{"rendered":"<p>What services does Meca Medical Clinic offer? Lorem ipsum dolor sit amet consectetur. Quam porta pretium elementum vel dapibus sed sed et. Fermentum adipiscing pellentesque eu sed cursus. Tortor massa interdum mauris proin egestas ac egestas dolor. How can I schedule an appointment at Hospa Medical Clinic? Lorem ipsum dolor sit amet consectetur. Quam porta <\/p>","protected":false},"author":1,"featured_media":0,"parent":0,"menu_order":0,"comment_status":"closed","ping_status":"closed","template":"","meta":{"_acf_changed":false,"om_disable_all_campaigns":false,"_monsterinsights_skip_tracking":false,"_monsterinsights_sitenote_active":false,"_monsterinsights_sitenote_note":"","_monsterinsights_sitenote_category":0,"_themeisle_gutenberg_block_has_review":false,"footnotes":""},"class_list":["post-387","page","type-page","status-publish","hentry"],"acf":[],"aioseo_notices":[],"_hostinger_reach_plugin_has_subscription_block":false,"_hostinger_reach_plugin_is_elementor":false,"_links":{"self":[{"href":"https:\/\/fizyolink.com\/tr\/wp-json\/wp\/v2\/pages\/387","targetHints":{"allow":["GET"]}}],"collection":[{"href":"https:\/\/fizyolink.com\/tr\/wp-json\/wp\/v2\/pages"}],"about":[{"href":"https:\/\/fizyolink.com\/tr\/wp-json\/wp\/v2\/types\/page"}],"author":[{"embeddable":true,"href":"https:\/\/fizyolink.com\/tr\/wp-json\/wp\/v2\/users\/1"}],"replies":[{"embeddable":true,"href":"https:\/\/fizyolink.com\/tr\/wp-json\/wp\/v2\/comments?post=387"}],"version-history":[{"count":63,"href":"https:\/\/fizyolink.com\/tr\/wp-json\/wp\/v2\/pages\/387\/revisions"}],"predecessor-version":[{"id":6533,"href":"https:\/\/fizyolink.com\/tr\/wp-json\/wp\/v2\/pages\/387\/revisions\/6533"}],"wp:attachment":[{"href":"https:\/\/fizyolink.com\/tr\/wp-json\/wp\/v2\/media?parent=387"}],"curies":[{"name":"wp","href":"https:\/\/api.w.org\/{rel}","templated":true}]}}