{"id":418,"date":"2024-04-07T17:00:27","date_gmt":"2024-04-07T17:00:27","guid":{"rendered":"https:\/\/izyolink.com\/?page_id=418"},"modified":"2026-01-13T12:42:10","modified_gmt":"2026-01-13T12:42:10","slug":"contact-us","status":"publish","type":"page","link":"https:\/\/fizyolink.com\/tr\/contact-us\/","title":{"rendered":"Bize Ula\u015f\u0131n"},"content":{"rendered":"<div data-elementor-type=\"wp-page\" data-elementor-id=\"418\" class=\"elementor elementor-418\">\n\t\t\t\t\t\t<div class=\"elementor-section elementor-top-section elementor-element elementor-element-1475cbd elementor-section-full_width elementor-section-height-default elementor-section-height-default\" data-id=\"1475cbd\" data-element_type=\"section\" data-e-type=\"section\">\n\t\t\t\t\t\t<div class=\"elementor-container elementor-column-gap-no\">\n\t\t\t\t\t<div class=\"elementor-column elementor-col-100 elementor-top-column elementor-element elementor-element-fc31813\" data-id=\"fc31813\" data-element_type=\"column\" data-e-type=\"column\">\n\t\t\t<div class=\"elementor-widget-wrap elementor-element-populated\">\n\t\t\t\t\t\t<div class=\"elementor-element elementor-element-d07b4f7 elementor-widget elementor-widget-HospaContactArea\" data-id=\"d07b4f7\" data-element_type=\"widget\" data-e-type=\"widget\" data-widget_type=\"HospaContactArea.default\">\n\t\t\t\t<div class=\"elementor-widget-container\">\n\t\t\t\t\t\r\n        <div class=\"contact-us-area ptb-100\">\r\n            <div class=\"container\">\r\n                <div class=\"row justify-content-center\">\r\n                    <div class=\"col-lg-4 col-md-5\">\r\n                        <div class=\"contact-us-information\">\r\n                                                            <div class=\"item\">\r\n                                    <div class=\"title\">\r\n                                        <i class=\"ti ti-ambulance\"><\/i>\r\n                                        <h3>KONUMLARIMIZ<\/h3>\r\n                                    <\/div>\r\n\r\n                                       <p>Istanbul<\/p>                                <\/div>\r\n                                                            <div class=\"item bg-F2DDD9\">\r\n                                    <div class=\"title\">\r\n                                        <i class=\"ti ti-phone-plus\"><\/i>\r\n                                        <h3>B\u0130ZE ULA\u015eIN<\/h3>\r\n                                    <\/div>\r\n\r\n                                       <span>ARAMA: <a href=\"tel:+905526632610\">+905526632610<\/a><\/span>\n                                    <span>WhatsApp: <a href=\"tel:+905526632610\">+905526632610<\/a><\/span>                                <\/div>\r\n                                                            <div class=\"item bg-D7ECE4\">\r\n                                    <div class=\"title\">\r\n                                        <i class=\"ti ti-clock-hour-8\"><\/i>\r\n                                        <h3>Z\u0130YARET SAATLER\u0130<\/h3>\r\n                                    <\/div>\r\n\r\n                                      <span>Sunday: 09:00 AM - 08:00 PM<\/span>\n                                <span>Monday - Friday: 09:00 AM - 10:00 PM<\/span>                                <\/div>\r\n                                                    <\/div>\r\n                    <\/div>\r\n                    <div class=\"col-lg-8 col-md-7\">\r\n                        <div class=\"contact-us-form-wrap\">\r\n                            <h2 class=\"translation-block\">Bize \u0130stedi\u011finiz Zaman <b>Mesaj<\/b> G\u00f6nderin<\/h2>\r\n                            <p>E-posta adresiniz yay\u0131nlanmayacak. Gerekli alanlar i\u015faretlenmi\u015ftir.<\/p>\r\n\r\n                                                            \n<div class=\"wpcf7 no-js\" id=\"wpcf7-f417-o1\" lang=\"en-US\" dir=\"ltr\" data-wpcf7-id=\"417\">\n<div class=\"screen-reader-response\"><p role=\"status\" aria-live=\"polite\" aria-atomic=\"true\"><\/p> <ul><\/ul><\/div>\n<form action=\"\/tr\/wp-json\/wp\/v2\/pages\/418#wpcf7-f417-o1\" method=\"post\" class=\"wpcf7-form init\" aria-label=\"Contact form\" novalidate=\"novalidate\" data-status=\"init\" data-trp-original-action=\"\/tr\/wp-json\/wp\/v2\/pages\/418#wpcf7-f417-o1\">\n<fieldset class=\"hidden-fields-container\"><input type=\"hidden\" name=\"_wpcf7\" value=\"417\" \/><input type=\"hidden\" name=\"_wpcf7_version\" value=\"6.1.5\" \/><input type=\"hidden\" name=\"_wpcf7_locale\" value=\"en_US\" \/><input type=\"hidden\" name=\"_wpcf7_unit_tag\" value=\"wpcf7-f417-o1\" \/><input type=\"hidden\" name=\"_wpcf7_container_post\" value=\"0\" \/><input type=\"hidden\" name=\"_wpcf7_posted_data_hash\" value=\"\" \/>\n<\/fieldset>\n<div class=\"form-group\">\n    <label>Mesaj\u0131n\u0131z*<\/label>\n    <span class=\"wpcf7-form-control-wrap\" data-name=\"your-message\"><textarea cols=\"40\" rows=\"10\" maxlength=\"2000\" class=\"wpcf7-form-control wpcf7-textarea form-control\" aria-invalid=\"false\" placeholder=\"L\u00fctfen mesaj\u0131n\u0131z\u0131 buraya yaz\u0131n\" name=\"your-message\"><\/textarea><\/span>\n<\/div>\n\n<div class=\"form-group\">\n    <label>\u0130sim*<\/label>\n    <span class=\"wpcf7-form-control-wrap\" data-name=\"your-name\"><input size=\"40\" maxlength=\"400\" class=\"wpcf7-form-control wpcf7-text form-control\" aria-invalid=\"false\" placeholder=\"L\u00fctfen ad\u0131 girin\" value=\"\" type=\"text\" name=\"your-name\" \/><\/span>\n<\/div>\n\n<div class=\"form-group\">\n    <label>E-posta*<\/label>\n    <span class=\"wpcf7-form-control-wrap\" data-name=\"your-email\"><input size=\"40\" maxlength=\"400\" class=\"wpcf7-form-control wpcf7-email wpcf7-text wpcf7-validates-as-email form-control\" aria-invalid=\"false\" placeholder=\"L\u00fctfen e-posta adresinizi girin\" value=\"\" type=\"email\" name=\"your-email\" \/><\/span>\n<\/div>\n<div class=\"form-group\">\n    <label>Telefon*<\/label>\n    <span class=\"wpcf7-form-control-wrap\" data-name=\"your-number\"><input class=\"wpcf7-form-control wpcf7-number wpcf7-validates-as-number form-control\" aria-invalid=\"false\" placeholder=\"L\u00fctfen telefon numaran\u0131z\u0131 giriniz\" value=\"\" type=\"number\" name=\"your-number\" \/><\/span>\n<\/div>\n\n\n\n<div class=\"form-group\">\n    <span class=\"wpcf7-form-control-wrap\" data-name=\"gdpr\"><span class=\"wpcf7-form-control wpcf7-acceptance\"><span class=\"wpcf7-list-item\"><label><input type=\"checkbox\" name=\"gdpr\" value=\"1\" class=\"gdpr-term\" aria-invalid=\"false\" \/><span class=\"wpcf7-list-item-label\">\u015eartlar\u0131 kabul ediyorum.<\/span><\/label><\/span><\/span><\/span>\n<\/div>\n\n<button type=\"submit\" class=\"default-btn\">\n    <i class=\"ti ti-circle-arrow-right-filled\"><\/i>\n    \u015eimdi Mesaj G\u00f6nder\n<\/button><div class=\"wpcf7-response-output\" aria-hidden=\"true\"><\/div>\n<input type=\"hidden\" name=\"trp-form-language\" value=\"tr\"\/><\/form>\n<\/div>\n                                                    <\/div>\r\n                    <\/div>\r\n                <\/div>\r\n            <\/div>\r\n        <\/div>\r\n        \t\t\t\t<\/div>\n\t\t\t\t<\/div>\n\t\t\t\t\t<\/div>\n\t\t<\/div>\n\t\t\t\t\t<\/div>\n\t\t<\/div>\n\t\t\t\t<\/div>","protected":false},"excerpt":{"rendered":"<p>OUR LOCATIONS Istanbul CONNECT WITH US CALL: +905526632610 WhatsApp: +905526632610 VISITING HOURS Sunday: 09:00 AM &#8211; 08:00 PM Monday &#8211; Friday: 09:00 AM &#8211; 10:00 PM Send Us A Message Anytime Your email address will not be published. Required fields are marked * Your Message* Name* Email* Phone* I agree with the terms. Send Message <\/p>","protected":false},"author":1,"featured_media":0,"parent":0,"menu_order":0,"comment_status":"closed","ping_status":"closed","template":"","meta":{"_acf_changed":false,"om_disable_all_campaigns":false,"_monsterinsights_skip_tracking":false,"_monsterinsights_sitenote_active":false,"_monsterinsights_sitenote_note":"","_monsterinsights_sitenote_category":0,"_themeisle_gutenberg_block_has_review":false,"footnotes":""},"class_list":["post-418","page","type-page","status-publish","hentry"],"acf":[],"aioseo_notices":[],"_hostinger_reach_plugin_has_subscription_block":false,"_hostinger_reach_plugin_is_elementor":false,"_links":{"self":[{"href":"https:\/\/fizyolink.com\/tr\/wp-json\/wp\/v2\/pages\/418","targetHints":{"allow":["GET"]}}],"collection":[{"href":"https:\/\/fizyolink.com\/tr\/wp-json\/wp\/v2\/pages"}],"about":[{"href":"https:\/\/fizyolink.com\/tr\/wp-json\/wp\/v2\/types\/page"}],"author":[{"embeddable":true,"href":"https:\/\/fizyolink.com\/tr\/wp-json\/wp\/v2\/users\/1"}],"replies":[{"embeddable":true,"href":"https:\/\/fizyolink.com\/tr\/wp-json\/wp\/v2\/comments?post=418"}],"version-history":[{"count":33,"href":"https:\/\/fizyolink.com\/tr\/wp-json\/wp\/v2\/pages\/418\/revisions"}],"predecessor-version":[{"id":6649,"href":"https:\/\/fizyolink.com\/tr\/wp-json\/wp\/v2\/pages\/418\/revisions\/6649"}],"wp:attachment":[{"href":"https:\/\/fizyolink.com\/tr\/wp-json\/wp\/v2\/media?parent=418"}],"curies":[{"name":"wp","href":"https:\/\/api.w.org\/{rel}","templated":true}]}}