{"id":602,"date":"2024-04-16T09:33:32","date_gmt":"2024-04-16T09:33:32","guid":{"rendered":"https:\/\/izyolink.com\/?page_id=602"},"modified":"2026-01-04T17:35:40","modified_gmt":"2026-01-04T17:35:40","slug":"volunteers","status":"publish","type":"page","link":"https:\/\/fizyolink.com\/tr\/volunteers\/","title":{"rendered":"G\u00f6n\u00fcll\u00fcler"},"content":{"rendered":"<div data-elementor-type=\"wp-page\" data-elementor-id=\"602\" class=\"elementor elementor-602\">\n\t\t\t\t\t\t<div class=\"elementor-section elementor-top-section elementor-element elementor-element-9d03dab elementor-section-full_width elementor-section-height-default elementor-section-height-default\" data-id=\"9d03dab\" data-element_type=\"section\" data-e-type=\"section\">\n\t\t\t\t\t\t<div class=\"elementor-container elementor-column-gap-no\">\n\t\t\t\t\t<div class=\"elementor-column elementor-col-100 elementor-top-column elementor-element elementor-element-0f113dd\" data-id=\"0f113dd\" data-element_type=\"column\" data-e-type=\"column\">\n\t\t\t<div class=\"elementor-widget-wrap elementor-element-populated\">\n\t\t\t\t\t\t<div class=\"elementor-element elementor-element-7a11fb9 elementor-widget elementor-widget-HospaVolunteersArea\" data-id=\"7a11fb9\" data-element_type=\"widget\" data-e-type=\"widget\" data-widget_type=\"HospaVolunteersArea.default\">\n\t\t\t\t<div class=\"elementor-widget-container\">\n\t\t\t\t\t            <div class=\"volunteers-area ptb-100\">\r\n                <div class=\"container\">\r\n                    <div class=\"row justify-content-center\">\r\n                                                    <div class=\"col-lg-6 col-md-12\">\r\n                                <div class=\"volunteers-image\">\r\n                                    <img decoding=\"async\" src=\"https:\/\/fizyolink.com\/wp-content\/uploads\/2024\/04\/volunteers.png\" alt=\"image\">\r\n                                \r\n                                                                            <div class=\"wrap-shape\">\r\n                                            <img decoding=\"async\" src=\"https:\/\/fizyolink.com\/wp-content\/uploads\/2024\/04\/shape-5.png\" alt=\"shape\">\r\n                                        <\/div>\r\n                                                                    <\/div>\r\n                            <\/div>\r\n                        \r\n                        <div class=\"col-lg-6 col-md-12\">\r\n                            <div class=\"volunteers-content\">\r\n                                                                    <span class=\"sub\">\r\n                                        Ekibimize Kat\u0131l\u0131n                                    <\/span>\r\n                                \r\n                                                                    <h2>Gelin, <b>Sa\u011fl\u0131k Teknolojisini<\/b> Birlikte D\u00f6n\u00fc\u015ft\u00fcrelim, Ekibimize Kat\u0131l\u0131n<\/h2>\r\n                                \r\n                                  <p>Fizyolink'te g\u00f6n\u00fcll\u00fc olmak, b\u00fcy\u00fcyen bir sa\u011fl\u0131k teknolojisi \u015firketinde pratik deneyim kazan\u0131rken anlaml\u0131 bir sosyal misyona katk\u0131da bulunmak i\u00e7in e\u015fsiz bir f\u0131rsat sunuyor. G\u00f6n\u00fcll\u00fcler, sa\u011fl\u0131k hizmetleri, teknoloji ve giri\u015fimcili\u011fi birle\u015ftiren \u00e7ok disiplinli bir ortamda \u00e7al\u0131\u015fman\u0131n avantajlar\u0131ndan yararlan\u0131yor.<\/p>\n                            <p>Ba\u015fl\u0131ca avantajlar aras\u0131nda dijital sa\u011fl\u0131k, fizyoterapi ile ilgili hizmetler, ara\u015ft\u0131rma, i\u00e7erik olu\u015fturma ve topluluk kat\u0131l\u0131m\u0131 alanlar\u0131nda ger\u00e7ek d\u00fcnya becerileri geli\u015ftirme yer almaktad\u0131r. G\u00f6n\u00fcll\u00fcler ayr\u0131ca h\u0131zl\u0131 tempolu bir ortamda inovasyon s\u00fcre\u00e7lerine ve problem \u00e7\u00f6zmeye dair deneyim kazan\u0131rlar.<\/p>\n<p>Ayr\u0131ca Fizyolink, T\u00fcrkiye'deki fizyoterapistler, sa\u011fl\u0131k profesyonelleri, giri\u015fimciler ve inovasyon ekosistemleriyle de\u011ferli a\u011f olu\u015fturma f\u0131rsatlar\u0131 sunmaktad\u0131r. G\u00f6n\u00fcll\u00fcler, uygulamal\u0131 kat\u0131l\u0131m, mentorluk ve rehabilitasyon ve fizyoterapi hizmetlerine eri\u015fimi iyile\u015ftiren etkili projelerde yer alarak \u00f6zge\u00e7mi\u015flerini g\u00fc\u00e7lendirirler.<\/p>\n\n<p>En \u00f6nemlisi, Fizyolink'te g\u00f6n\u00fcll\u00fc olmak, bireylerin daha iyi sa\u011fl\u0131k sonu\u00e7lar\u0131n\u0131 destekleyerek ve kaliteli fizyoterapi hizmetlerine eri\u015fimi art\u0131rarak \u00f6l\u00e7\u00fclebilir sosyal etki yaratmalar\u0131na olanak tan\u0131r.<\/p>\n                            <h3>Hizmet G\u00f6n\u00fcll\u00fcleri<\/h3>\n                            <p>Fizyolink, g\u00f6n\u00fcll\u00fclerine misyonumuzu ve platformumuzu anlamalar\u0131na yard\u0131mc\u0131 olmak i\u00e7in oryantasyon ve rehberlik sunmaktad\u0131r. G\u00f6n\u00fcll\u00fcler mentorluk, beceri geli\u015ftirme f\u0131rsatlar\u0131 ve gerekli ara\u00e7 ve kaynaklara eri\u015fim imkan\u0131 elde ederler. \u0130\u015fbirli\u011fine dayal\u0131 ve esnek bir \u00e7al\u0131\u015fma ortam\u0131 sunman\u0131n yan\u0131 s\u0131ra, \u00fcst\u00fcn katk\u0131da bulunanlar i\u00e7in kat\u0131l\u0131m sertifikalar\u0131 ve referans mektuplar\u0131 veriyoruz.<\/p>\n                           \r\n                                <ul class=\"list\">\r\n                                                                            <li>\r\n                                                                                            <i class=\"ti ti-checks\"><\/i>\r\n                                                                                        Mentorluk ve Beceri Geli\u015ftirme \u2013 Deneyimli profesyonellerden rehberlik ve uygulamal\u0131 \u00f6\u011frenme f\u0131rsatlar\u0131.                                        <\/li>\r\n                                                                            <li>\r\n                                                                                            <i class=\"ti ti-checks\"><\/i>\r\n                                                                                        Esnek ve Destekleyici Ortam \u2013 Esnek g\u00f6n\u00fcll\u00fcl\u00fck programlar\u0131yla i\u015f birli\u011fine dayal\u0131 ekip \u00e7al\u0131\u015fmas\u0131.                                        <\/li>\r\n                                                                            <li>\r\n                                                                                            <i class=\"ti ti-checks\"><\/i>\r\n                                                                                        Takdir ve Kariyer Deste\u011fi \u2013 \u00dcst\u00fcn g\u00f6n\u00fcll\u00fcler i\u00e7in kat\u0131l\u0131m sertifikalar\u0131 ve tavsiye mektuplar\u0131.                                        <\/li>\r\n                                                                    <\/ul>\r\n\r\n                                                                    <div class=\"volunteers-btn\">\r\n                                        <a href=\"https:\/\/fizyolink.com\/tr\/contact-us\/\" class=\"default-btn\">\r\n                                            <i class=\"ti ti-circle-arrow-right-filled\"><\/i>    \r\n                                            Apply Here                                        <\/a>\r\n                                    <\/div>\r\n                                                            <\/div>\r\n                        <\/div>\r\n                    <\/div>\r\n                <\/div>\r\n            <\/div>\r\n        \t\t\t\t<\/div>\n\t\t\t\t<\/div>\n\t\t\t\t\t<\/div>\n\t\t<\/div>\n\t\t\t\t\t<\/div>\n\t\t<\/div>\n\t\t\t\t<div class=\"elementor-section elementor-top-section elementor-element elementor-element-5d37f8b elementor-section-full_width elementor-hidden-desktop elementor-hidden-tablet elementor-hidden-mobile elementor-section-height-default elementor-section-height-default\" data-id=\"5d37f8b\" data-element_type=\"section\" data-e-type=\"section\">\n\t\t\t\t\t\t<div class=\"elementor-container elementor-column-gap-no\">\n\t\t\t\t\t<div class=\"elementor-column elementor-col-100 elementor-top-column elementor-element elementor-element-4c773b3\" data-id=\"4c773b3\" data-element_type=\"column\" data-e-type=\"column\">\n\t\t\t<div class=\"elementor-widget-wrap elementor-element-populated\">\n\t\t\t\t\t\t<div class=\"elementor-element elementor-element-ee688df elementor-widget elementor-widget-Hospa_FeaturesThree_Area\" data-id=\"ee688df\" data-element_type=\"widget\" data-e-type=\"widget\" data-widget_type=\"Hospa_FeaturesThree_Area.default\">\n\t\t\t\t<div class=\"elementor-widget-container\">\n\t\t\t\t\t\r\n        <div class=\"overview-area pb-100\">\r\n            <div class=\"container\">\r\n                <div class=\"overview-inner-area\">\r\n                    <div class=\"row justify-content-center\">\r\n                                                    <div class=\"col-lg-4 col-md-6\">\r\n                                <div class=\"overview-card\">\r\n                                    <h3>Instant Video <b>Consultation<\/b><\/h3>\r\n                                    <p>Connect within 60 secs with our medical expert of Hospa General Hospital.<\/p>\r\n\r\n                                                                        <div class=\"overview-btn\">\r\n                                        <a href=\"https:\/\/fizyolink.com\/tr\/contact-us\/\" class=\"link-btn\">\r\n                                                                                            <i class=\"ti ti-arrow-right\"><\/i>\r\n                                            \r\n                                            Learn More                                        <\/a>\r\n                                    <\/div>\r\n                                    \r\n                                                                            <div class=\"wrap-shape\">\r\n                                            <img decoding=\"async\" src=\"https:\/\/fizyolink.com\/wp-content\/uploads\/2024\/04\/img1.png\" alt=\"image\">\r\n                                        <\/div>\r\n                                                                    <\/div>\r\n                            <\/div>\r\n                                                    <div class=\"col-lg-4 col-md-6\">\r\n                                <div class=\"overview-card bg-two\">\r\n                                    <h3>24\/7 <b>Medicines<\/b><\/h3>\r\n                                    <p>Essentials at your doorstep anytime in emergency situation.<\/p>\r\n\r\n                                                                        <div class=\"overview-btn\">\r\n                                        <a href=\"https:\/\/fizyolink.com\/tr\/contact-us\/\" class=\"link-btn\">\r\n                                                                                            <i class=\"ti ti-arrow-right\"><\/i>\r\n                                            \r\n                                            Learn More                                        <\/a>\r\n                                    <\/div>\r\n                                    \r\n                                                                            <div class=\"wrap-shape\">\r\n                                            <img decoding=\"async\" src=\"https:\/\/fizyolink.com\/wp-content\/uploads\/2024\/04\/img2.png\" alt=\"image\">\r\n                                        <\/div>\r\n                                                                    <\/div>\r\n                            <\/div>\r\n                                                    <div class=\"col-lg-4 col-md-6\">\r\n                                <div class=\"overview-card bg-three\">\r\n                                    <h3>Accurate <b>Lab Tests<\/b><\/h3>\r\n                                    <p>Sample pickup at your home &amp; give 99.8% accuracy in results.<\/p>\r\n\r\n                                                                        <div class=\"overview-btn\">\r\n                                        <a href=\"https:\/\/fizyolink.com\/tr\/contact-us\/\" class=\"link-btn\">\r\n                                                                                            <i class=\"ti ti-arrow-right\"><\/i>\r\n                                            \r\n                                            Learn More                                        <\/a>\r\n                                    <\/div>\r\n                                    \r\n                                                                            <div class=\"wrap-shape\">\r\n                                            <img decoding=\"async\" src=\"https:\/\/fizyolink.com\/wp-content\/uploads\/2024\/04\/img3.png\" alt=\"image\">\r\n                                        <\/div>\r\n                                                                    <\/div>\r\n                            <\/div>\r\n                                            <\/div>\r\n                <\/div>\r\n            <\/div>\r\n        <\/div>\r\n        \t\t\t\t<\/div>\n\t\t\t\t<\/div>\n\t\t\t\t\t<\/div>\n\t\t<\/div>\n\t\t\t\t\t<\/div>\n\t\t<\/div>\n\t\t\t\t<\/div>","protected":false},"excerpt":{"rendered":"<p>JOIN OUR TEAM Lets Transform HealthTech Together, Join Our Team Volunteering at Fizyolink offers a unique opportunity to gain practical experience in a growing health-tech company while contributing to a meaningful social mission. Volunteers benefit from working in a multidisciplinary environment that combines healthcare, technology, and entrepreneurship. Key advantages include developing real-world skills in digital <\/p>","protected":false},"author":1,"featured_media":0,"parent":0,"menu_order":0,"comment_status":"closed","ping_status":"closed","template":"","meta":{"_acf_changed":false,"om_disable_all_campaigns":false,"_monsterinsights_skip_tracking":false,"_monsterinsights_sitenote_active":false,"_monsterinsights_sitenote_note":"","_monsterinsights_sitenote_category":0,"_themeisle_gutenberg_block_has_review":false,"footnotes":""},"class_list":["post-602","page","type-page","status-publish","hentry"],"acf":[],"aioseo_notices":[],"_hostinger_reach_plugin_has_subscription_block":false,"_hostinger_reach_plugin_is_elementor":false,"_links":{"self":[{"href":"https:\/\/fizyolink.com\/tr\/wp-json\/wp\/v2\/pages\/602","targetHints":{"allow":["GET"]}}],"collection":[{"href":"https:\/\/fizyolink.com\/tr\/wp-json\/wp\/v2\/pages"}],"about":[{"href":"https:\/\/fizyolink.com\/tr\/wp-json\/wp\/v2\/types\/page"}],"author":[{"embeddable":true,"href":"https:\/\/fizyolink.com\/tr\/wp-json\/wp\/v2\/users\/1"}],"replies":[{"embeddable":true,"href":"https:\/\/fizyolink.com\/tr\/wp-json\/wp\/v2\/comments?post=602"}],"version-history":[{"count":18,"href":"https:\/\/fizyolink.com\/tr\/wp-json\/wp\/v2\/pages\/602\/revisions"}],"predecessor-version":[{"id":6551,"href":"https:\/\/fizyolink.com\/tr\/wp-json\/wp\/v2\/pages\/602\/revisions\/6551"}],"wp:attachment":[{"href":"https:\/\/fizyolink.com\/tr\/wp-json\/wp\/v2\/media?parent=602"}],"curies":[{"name":"wp","href":"https:\/\/api.w.org\/{rel}","templated":true}]}}