{"id":614,"date":"2024-04-16T10:23:30","date_gmt":"2024-04-16T10:23:30","guid":{"rendered":"https:\/\/izyolink.com\/?page_id=614"},"modified":"2025-10-08T17:31:48","modified_gmt":"2025-10-08T17:31:48","slug":"our-careers","status":"publish","type":"page","link":"https:\/\/fizyolink.com\/tr\/our-careers\/","title":{"rendered":"Our Careers"},"content":{"rendered":"<div data-elementor-type=\"wp-page\" data-elementor-id=\"614\" class=\"elementor elementor-614\">\n\t\t\t\t\t\t<div class=\"elementor-section elementor-top-section elementor-element elementor-element-0a62827 elementor-section-full_width elementor-section-height-default elementor-section-height-default\" data-id=\"0a62827\" data-element_type=\"section\" data-e-type=\"section\">\n\t\t\t\t\t\t<div class=\"elementor-container elementor-column-gap-no\">\n\t\t\t\t\t<div class=\"elementor-column elementor-col-100 elementor-top-column elementor-element elementor-element-ae98408\" data-id=\"ae98408\" data-element_type=\"column\" data-e-type=\"column\">\n\t\t\t<div class=\"elementor-widget-wrap elementor-element-populated\">\n\t\t\t\t\t\t<div class=\"elementor-element elementor-element-c3901e0 elementor-widget elementor-widget-HospaCareerArea\" data-id=\"c3901e0\" data-element_type=\"widget\" data-e-type=\"widget\" data-widget_type=\"HospaCareerArea.default\">\n\t\t\t\t<div class=\"elementor-widget-container\">\n\t\t\t\t\t             <!-- Start Careers Area -->\r\n        <div class=\"careers-area ptb-100\">\r\n            <div class=\"container\">\r\n                <div class=\"row justify-content-center\">\r\n                                            <div class=\"col-lg-6 col-md-12\">\r\n                            <div class=\"careers-image\">\r\n                                <img decoding=\"async\" src=\"https:\/\/fizyolink.com\/wp-content\/uploads\/2024\/04\/careers1.png\" alt=\"image\">\r\n                            \r\n                                                                    <div class=\"wrap-shape\">\r\n                                        <img decoding=\"async\" src=\"https:\/\/fizyolink.com\/wp-content\/uploads\/2024\/04\/shape-5.png\" alt=\"shape\">\r\n                                    <\/div>\r\n                                                            <\/div>\r\n                        <\/div>\r\n                    \r\n                    <div class=\"col-lg-6 col-md-12\">\r\n                        <div class=\"careers-content\">\r\n                                                            <span class=\"sub\">\r\n                                    Ekibimize Kat\u0131l\u0131n                                <\/span>\r\n                            \r\n                                                            <h2>Gelin, <b>Healthcare<\/b> Birlikte D\u00f6n\u00fc\u015ft\u00fcrelim, Ekibimize Kat\u0131l\u0131n<\/h2>\r\n                            \r\n                             <p>We are on a mission to transform health care for all through our human-centered, technology powered model. Everything we do is built around how people live today, from our office experience to the exceptional people we hire to technology that simplifies getting \u2014 and giving \u2014 care.<\/p>\n                           \r\n                                                            <div class=\"careers-btn\">\r\n                                    <a href=\"https:\/\/fizyolink.com\/tr\/leadership-team\/\" class=\"default-btn\">\r\n                                        <i class=\"ti ti-circle-arrow-right-filled\"><\/i>    \r\n                                        See Job Areas                                     <\/a>\r\n                                <\/div>\r\n                                                    <\/div>\r\n                    <\/div>\r\n                <\/div>\r\n            <\/div>\r\n        <\/div>\r\n        \t\t\t\t<\/div>\n\t\t\t\t<\/div>\n\t\t\t\t\t<\/div>\n\t\t<\/div>\n\t\t\t\t\t<\/div>\n\t\t<\/div>\n\t\t\t\t<div class=\"elementor-section elementor-top-section elementor-element elementor-element-5862cb5 elementor-section-full_width elementor-section-height-default elementor-section-height-default\" data-id=\"5862cb5\" data-element_type=\"section\" data-e-type=\"section\">\n\t\t\t\t\t\t<div class=\"elementor-container elementor-column-gap-no\">\n\t\t\t\t\t<div class=\"elementor-column elementor-col-100 elementor-top-column elementor-element elementor-element-726a459\" data-id=\"726a459\" data-element_type=\"column\" data-e-type=\"column\">\n\t\t\t<div class=\"elementor-widget-wrap elementor-element-populated\">\n\t\t\t\t\t\t<div class=\"elementor-element elementor-element-51b4f3b elementor-widget elementor-widget-HospaCareerPosts\" data-id=\"51b4f3b\" data-element_type=\"widget\" data-e-type=\"widget\" data-widget_type=\"HospaCareerPosts.default\">\n\t\t\t\t<div class=\"elementor-widget-container\">\n\t\t\t\t\t\n        <div class=\"job-area pb-75\">\n            <div class=\"container\">\n                <div class=\"section-title\">\n                    <h2><b>Job<\/b> Hizmet Alanlar\u0131 <\/h2>\n                <\/div>\n                <div class=\"row justify-content-center\">\n                                        <div class=\"col-xl-4 col-md-6\">\n                        <div class=\"job-card\">\n                            <div class=\"title\">\n                                <h3><a href=\"https:\/\/fizyolink.com\/tr\/career-post\/acute-care-jobs\/\">Acute Care Jobs<\/a><\/h3>\n                                <p>Join the team of acute care to help the patients who really need you.<\/p>\n                            <\/div>\n                            <div class=\"icon\">\n                                <a href=\"https:\/\/fizyolink.com\/tr\/career-post\/acute-care-jobs\/\">\n                                    <i class=\"ti ti-arrow-right\"><\/i>\n                                <\/a>\n                            <\/div>\n                        <\/div>\n                    <\/div>\n                                        <div class=\"col-xl-4 col-md-6\">\n                        <div class=\"job-card\">\n                            <div class=\"title\">\n                                <h3><a href=\"https:\/\/fizyolink.com\/tr\/career-post\/community-health-jobs\/\">Community Health Jobs<\/a><\/h3>\n                                <p>Join the team of health care to help the patients who really need you.<\/p>\n                            <\/div>\n                            <div class=\"icon\">\n                                <a href=\"https:\/\/fizyolink.com\/tr\/career-post\/community-health-jobs\/\">\n                                    <i class=\"ti ti-arrow-right\"><\/i>\n                                <\/a>\n                            <\/div>\n                        <\/div>\n                    <\/div>\n                                        <div class=\"col-xl-4 col-md-6\">\n                        <div class=\"job-card\">\n                            <div class=\"title\">\n                                <h3><a href=\"https:\/\/fizyolink.com\/tr\/career-post\/long-term-care-jobs\/\">Long Term Care Jobs<\/a><\/h3>\n                                <p>Join the team of long term care to help the patients who really need you.<\/p>\n                            <\/div>\n                            <div class=\"icon\">\n                                <a href=\"https:\/\/fizyolink.com\/tr\/career-post\/long-term-care-jobs\/\">\n                                    <i class=\"ti ti-arrow-right\"><\/i>\n                                <\/a>\n                            <\/div>\n                        <\/div>\n                    <\/div>\n                                        <div class=\"col-xl-4 col-md-6\">\n                        <div class=\"job-card\">\n                            <div class=\"title\">\n                                <h3><a href=\"https:\/\/fizyolink.com\/tr\/career-post\/vchri-jobs\/\">VCHRI Jobs<\/a><\/h3>\n                                <p>Join the team of acute care to help the patients who really need you.<\/p>\n                            <\/div>\n                            <div class=\"icon\">\n                                <a href=\"https:\/\/fizyolink.com\/tr\/career-post\/vchri-jobs\/\">\n                                    <i class=\"ti ti-arrow-right\"><\/i>\n                                <\/a>\n                            <\/div>\n                        <\/div>\n                    <\/div>\n                                        <div class=\"col-xl-4 col-md-6\">\n                        <div class=\"job-card\">\n                            <div class=\"title\">\n                                <h3><a href=\"https:\/\/fizyolink.com\/tr\/career-post\/clinical-jobs\/\">Clinical Jobs<\/a><\/h3>\n                                <p>Join the team of acute care to help the patients who really need you.<\/p>\n                            <\/div>\n                            <div class=\"icon\">\n                                <a href=\"https:\/\/fizyolink.com\/tr\/career-post\/clinical-jobs\/\">\n                                    <i class=\"ti ti-arrow-right\"><\/i>\n                                <\/a>\n                            <\/div>\n                        <\/div>\n                    <\/div>\n                                        <div class=\"col-xl-4 col-md-6\">\n                        <div class=\"job-card\">\n                            <div class=\"title\">\n                                <h3><a href=\"https:\/\/fizyolink.com\/tr\/career-post\/system-transformation-jobs\/\">System Transformation Jobs<\/a><\/h3>\n                                <p>Join the team of system care to help the patients who really need you.<\/p>\n                            <\/div>\n                            <div class=\"icon\">\n                                <a href=\"https:\/\/fizyolink.com\/tr\/career-post\/system-transformation-jobs\/\">\n                                    <i class=\"ti ti-arrow-right\"><\/i>\n                                <\/a>\n                            <\/div>\n                        <\/div>\n                    <\/div>\n                                    <\/div>\n            <\/div>\n        <\/div>\n        \t\t\t\t<\/div>\n\t\t\t\t<\/div>\n\t\t\t\t\t<\/div>\n\t\t<\/div>\n\t\t\t\t\t<\/div>\n\t\t<\/div>\n\t\t\t\t<\/div>","protected":false},"excerpt":{"rendered":"<p>JOIN OUR TEAM Lets Transform Healthcare Together, Join Our Team We are on a mission to transform health care for all through our human-centered, technology powered model. Everything we do is built around how people live today, from our office experience to the exceptional people we hire to technology that simplifies getting \u2014 and giving <\/p>","protected":false},"author":1,"featured_media":0,"parent":0,"menu_order":0,"comment_status":"closed","ping_status":"closed","template":"","meta":{"_acf_changed":false,"om_disable_all_campaigns":false,"_monsterinsights_skip_tracking":false,"_monsterinsights_sitenote_active":false,"_monsterinsights_sitenote_note":"","_monsterinsights_sitenote_category":0,"_themeisle_gutenberg_block_has_review":false,"footnotes":""},"class_list":["post-614","page","type-page","status-publish","hentry"],"acf":[],"aioseo_notices":[],"_hostinger_reach_plugin_has_subscription_block":false,"_hostinger_reach_plugin_is_elementor":false,"_links":{"self":[{"href":"https:\/\/fizyolink.com\/tr\/wp-json\/wp\/v2\/pages\/614","targetHints":{"allow":["GET"]}}],"collection":[{"href":"https:\/\/fizyolink.com\/tr\/wp-json\/wp\/v2\/pages"}],"about":[{"href":"https:\/\/fizyolink.com\/tr\/wp-json\/wp\/v2\/types\/page"}],"author":[{"embeddable":true,"href":"https:\/\/fizyolink.com\/tr\/wp-json\/wp\/v2\/users\/1"}],"replies":[{"embeddable":true,"href":"https:\/\/fizyolink.com\/tr\/wp-json\/wp\/v2\/comments?post=614"}],"version-history":[{"count":10,"href":"https:\/\/fizyolink.com\/tr\/wp-json\/wp\/v2\/pages\/614\/revisions"}],"predecessor-version":[{"id":6345,"href":"https:\/\/fizyolink.com\/tr\/wp-json\/wp\/v2\/pages\/614\/revisions\/6345"}],"wp:attachment":[{"href":"https:\/\/fizyolink.com\/tr\/wp-json\/wp\/v2\/media?parent=614"}],"curies":[{"name":"wp","href":"https:\/\/api.w.org\/{rel}","templated":true}]}}